{"id":3407,"date":"2024-06-06T08:02:54","date_gmt":"2024-06-06T06:02:54","guid":{"rendered":"https:\/\/kosicefilmregion.sk\/cash-rebate\/"},"modified":"2025-06-02T10:57:17","modified_gmt":"2025-06-02T08:57:17","slug":"cash-rebate","status":"publish","type":"page","link":"https:\/\/kosicefilmregion.sk\/sk\/cash-rebate\/","title":{"rendered":"CASH REBATE"},"content":{"rendered":"\t\t<div data-elementor-type=\"wp-page\" data-elementor-id=\"3407\" class=\"elementor elementor-3407 elementor-2705\" data-elementor-settings=\"{&quot;element_pack_global_tooltip_width&quot;:{&quot;unit&quot;:&quot;px&quot;,&quot;size&quot;:&quot;&quot;,&quot;sizes&quot;:[]},&quot;element_pack_global_tooltip_width_tablet&quot;:{&quot;unit&quot;:&quot;px&quot;,&quot;size&quot;:&quot;&quot;,&quot;sizes&quot;:[]},&quot;element_pack_global_tooltip_width_mobile&quot;:{&quot;unit&quot;:&quot;px&quot;,&quot;size&quot;:&quot;&quot;,&quot;sizes&quot;:[]},&quot;element_pack_global_tooltip_padding&quot;:{&quot;unit&quot;:&quot;px&quot;,&quot;top&quot;:&quot;&quot;,&quot;right&quot;:&quot;&quot;,&quot;bottom&quot;:&quot;&quot;,&quot;left&quot;:&quot;&quot;,&quot;isLinked&quot;:true},&quot;element_pack_global_tooltip_padding_tablet&quot;:{&quot;unit&quot;:&quot;px&quot;,&quot;top&quot;:&quot;&quot;,&quot;right&quot;:&quot;&quot;,&quot;bottom&quot;:&quot;&quot;,&quot;left&quot;:&quot;&quot;,&quot;isLinked&quot;:true},&quot;element_pack_global_tooltip_padding_mobile&quot;:{&quot;unit&quot;:&quot;px&quot;,&quot;top&quot;:&quot;&quot;,&quot;right&quot;:&quot;&quot;,&quot;bottom&quot;:&quot;&quot;,&quot;left&quot;:&quot;&quot;,&quot;isLinked&quot;:true},&quot;element_pack_global_tooltip_border_radius&quot;:{&quot;unit&quot;:&quot;px&quot;,&quot;top&quot;:&quot;&quot;,&quot;right&quot;:&quot;&quot;,&quot;bottom&quot;:&quot;&quot;,&quot;left&quot;:&quot;&quot;,&quot;isLinked&quot;:true},&quot;element_pack_global_tooltip_border_radius_tablet&quot;:{&quot;unit&quot;:&quot;px&quot;,&quot;top&quot;:&quot;&quot;,&quot;right&quot;:&quot;&quot;,&quot;bottom&quot;:&quot;&quot;,&quot;left&quot;:&quot;&quot;,&quot;isLinked&quot;:true},&quot;element_pack_global_tooltip_border_radius_mobile&quot;:{&quot;unit&quot;:&quot;px&quot;,&quot;top&quot;:&quot;&quot;,&quot;right&quot;:&quot;&quot;,&quot;bottom&quot;:&quot;&quot;,&quot;left&quot;:&quot;&quot;,&quot;isLinked&quot;:true}}\" data-elementor-post-type=\"page\">\n\t\t\t\t\t\t<section class=\"elementor-section elementor-top-section elementor-element elementor-element-f21f9fa elementor-section-boxed elementor-section-height-default elementor-section-height-default\" data-id=\"f21f9fa\" data-element_type=\"section\" data-e-type=\"section\">\n\t\t\t\t\t\t<div class=\"elementor-container elementor-column-gap-default\">\n\t\t\t\t\t<div class=\"elementor-column elementor-col-100 elementor-top-column elementor-element elementor-element-7a31746\" data-id=\"7a31746\" data-element_type=\"column\" data-e-type=\"column\">\n\t\t\t<div class=\"elementor-widget-wrap elementor-element-populated\">\n\t\t\t\t\t\t<div class=\"elementor-element elementor-element-4de2f6d elementor-widget elementor-widget-heading\" data-id=\"4de2f6d\" data-element_type=\"widget\" data-e-type=\"widget\" data-widget_type=\"heading.default\">\n\t\t\t\t<div class=\"elementor-widget-container\">\n\t\t\t\t\t<h4 class=\"elementor-heading-title elementor-size-default\">OD 1.6.2025 ZVY\u0160UJE KO\u0160ICK\u00dd SAMOSPR\u00c1VNY KRAJ V\u00dd\u0160KU SP\u00c4TN\u00ddCH DOT\u00c1CI\u00cd NA 5% A 10%<\/h4>\t\t\t\t<\/div>\n\t\t\t\t<\/div>\n\t\t\t\t\t<\/div>\n\t\t<\/div>\n\t\t\t\t\t<\/div>\n\t\t<\/section>\n\t\t\t\t<section class=\"elementor-section elementor-top-section elementor-element elementor-element-b798a14 elementor-section-boxed elementor-section-height-default elementor-section-height-default\" data-id=\"b798a14\" data-element_type=\"section\" data-e-type=\"section\">\n\t\t\t\t\t\t<div class=\"elementor-container elementor-column-gap-default\">\n\t\t\t\t\t<div class=\"elementor-column elementor-col-100 elementor-top-column elementor-element elementor-element-31a3625\" data-id=\"31a3625\" data-element_type=\"column\" data-e-type=\"column\">\n\t\t\t<div class=\"elementor-widget-wrap elementor-element-populated\">\n\t\t\t\t\t\t<div class=\"elementor-element elementor-element-48bc375 elementor-widget elementor-widget-heading\" data-id=\"48bc375\" data-element_type=\"widget\" data-e-type=\"widget\" data-widget_type=\"heading.default\">\n\t\t\t\t<div class=\"elementor-widget-container\">\n\t\t\t\t\t<h2 class=\"elementor-heading-title elementor-size-default\">DOT\u00c1CIA NA OPR\u00c1VNEN\u00c9 V\u00ddDAVKY<\/h2>\t\t\t\t<\/div>\n\t\t\t\t<\/div>\n\t\t\t\t\t<\/div>\n\t\t<\/div>\n\t\t\t\t\t<\/div>\n\t\t<\/section>\n\t\t\t\t<section class=\"elementor-section elementor-top-section elementor-element elementor-element-eb0c77c elementor-section-boxed elementor-section-height-default elementor-section-height-default\" data-id=\"eb0c77c\" data-element_type=\"section\" data-e-type=\"section\">\n\t\t\t\t\t\t<div class=\"elementor-container elementor-column-gap-default\">\n\t\t\t\t\t<div class=\"elementor-column elementor-col-100 elementor-top-column elementor-element elementor-element-0a9cd3f\" data-id=\"0a9cd3f\" data-element_type=\"column\" data-e-type=\"column\">\n\t\t\t<div class=\"elementor-widget-wrap elementor-element-populated\">\n\t\t\t\t\t\t<div class=\"elementor-element elementor-element-954089b elementor-widget elementor-widget-text-editor\" data-id=\"954089b\" data-element_type=\"widget\" data-e-type=\"widget\" data-widget_type=\"text-editor.default\">\n\t\t\t\t<div class=\"elementor-widget-container\">\n\t\t\t\t\t\t\t\t\t<p>Sp\u00e4tn\u00e1 dot\u00e1cia vo v\u00fd\u0161ke 5% alebo 10% z opr\u00e1vnen\u00fdch v\u00fddavkov na filmov\u00fa alebo TV produkciu na \u00fazem\u00ed Ko\u0161ick\u00e9ho kraja.<\/p>\n<p><b>5% <\/b>&#8211; aspo\u0148 2 filmovacie dni na \u00fazem\u00ed Ko\u0161ick\u00e9ho kraja<\/p>\n<p><b>10%<\/b> &#8211; aspo\u0148 2 filmovacie dni na \u00fazem\u00ed Ko\u0161ick\u00e9ho kraja a 10% z deju audiovizu\u00e1lneho diela sa odohr\u00e1va na \u00fazem\u00ed Ko\u0161ick\u00e9ho kraja<\/p>\n<p>Opr\u00e1vnen\u00e9 v\u00fddavky:<br \/>Skuto\u010dne vynalo\u017een\u00e9 a vyplaten\u00e9 n\u00e1klady<span style=\"color: var( --e-global-color-dea41e4 ); font-family: var( --e-global-typography-b2ce6af-font-family ), Sans-serif; font-size: var( --e-global-typography-b2ce6af-font-size ); letter-spacing: var( --e-global-typography-b2ce6af-letter-spacing ); word-spacing: var( --e-global-typography-b2ce6af-word-spacing );\"> <\/span><span style=\"color: var( --e-global-color-dea41e4 ); font-family: var( --e-global-typography-b2ce6af-font-family ), Sans-serif; font-size: var( --e-global-typography-b2ce6af-font-size ); letter-spacing: var( --e-global-typography-b2ce6af-letter-spacing ); word-spacing: var( --e-global-typography-b2ce6af-word-spacing );\">priamo spojen\u00e9 s realiz\u00e1ciou projektu<\/span><span style=\"color: var( --e-global-color-dea41e4 ); font-family: var( --e-global-typography-b2ce6af-font-family ), Sans-serif; font-size: var( --e-global-typography-b2ce6af-font-size ); letter-spacing: var( --e-global-typography-b2ce6af-letter-spacing ); word-spacing: var( --e-global-typography-b2ce6af-word-spacing );\">, vr\u00e1tane autorsk\u00fdch honor\u00e1rov, ktor\u00ed s\u00fa platcami dane na Slovensku a <b>maj\u00fa s\u00eddlo alebo adresu bydliska na \u00fazem\u00ed Ko\u0161ick\u00e9ho kraja<\/b><\/span><\/p>\n<p>Minim\u00e1lna suma opr\u00e1vnen\u00fdch v\u00fddavkov uhraden\u00fdch v s\u00favislosti s vytvoren\u00edm filmov\u00e9ho projektu:<\/p>\n<ul>\n<li>100 000 EUR pre samostatn\u00e9 hran\u00e9 filmy a pre viacdielne dokument\u00e1rne audiovizu\u00e1lne diela<\/li>\n<li>50 000 EUR pre samostatn\u00e9 dokument\u00e1rne diela a pre ak\u00e9ko\u013evek animovan\u00e9 diela<\/li>\n<li>200 000 EUR pre viacdielne hran\u00e9 diela (seri\u00e1ly pre telev\u00edziu alebo pre nov\u00e9 platformy)<\/li>\n<\/ul>\n\t\t\t\t\t\t\t\t<\/div>\n\t\t\t\t<\/div>\n\t\t\t\t\t<\/div>\n\t\t<\/div>\n\t\t\t\t\t<\/div>\n\t\t<\/section>\n\t\t\t\t<section class=\"elementor-section elementor-top-section elementor-element elementor-element-a125c46 elementor-section-boxed elementor-section-height-default elementor-section-height-default\" data-id=\"a125c46\" data-element_type=\"section\" data-e-type=\"section\">\n\t\t\t\t\t\t<div class=\"elementor-container elementor-column-gap-default\">\n\t\t\t\t\t<div class=\"elementor-column elementor-col-100 elementor-top-column elementor-element elementor-element-560a9ed\" data-id=\"560a9ed\" data-element_type=\"column\" data-e-type=\"column\">\n\t\t\t<div class=\"elementor-widget-wrap elementor-element-populated\">\n\t\t\t\t\t\t<div class=\"elementor-element elementor-element-2a90784 elementor-widget elementor-widget-heading\" data-id=\"2a90784\" data-element_type=\"widget\" data-e-type=\"widget\" data-widget_type=\"heading.default\">\n\t\t\t\t<div class=\"elementor-widget-container\">\n\t\t\t\t\t<h4 class=\"elementor-heading-title elementor-size-default\">SP\u00c4TN\u00c9 DOT\u00c1CIE KSK M\u00d4\u017dNO KOMBINOVA\u0164 S AVF A Z\u00cdSKA\u0164 TAK PODPORU A\u017d 43% <\/h4>\t\t\t\t<\/div>\n\t\t\t\t<\/div>\n\t\t\t\t\t<\/div>\n\t\t<\/div>\n\t\t\t\t\t<\/div>\n\t\t<\/section>\n\t\t\t\t<section class=\"elementor-section elementor-top-section elementor-element elementor-element-00ccb7e elementor-section-boxed elementor-section-height-default elementor-section-height-default\" data-id=\"00ccb7e\" data-element_type=\"section\" data-e-type=\"section\">\n\t\t\t\t\t\t<div class=\"elementor-container elementor-column-gap-default\">\n\t\t\t\t\t<div class=\"elementor-column elementor-col-100 elementor-top-column elementor-element elementor-element-1e40cd1\" data-id=\"1e40cd1\" data-element_type=\"column\" data-e-type=\"column\">\n\t\t\t<div class=\"elementor-widget-wrap elementor-element-populated\">\n\t\t\t\t\t\t<div class=\"elementor-element elementor-element-2bb00e9 elementor-widget elementor-widget-heading\" data-id=\"2bb00e9\" data-element_type=\"widget\" data-e-type=\"widget\" data-widget_type=\"heading.default\">\n\t\t\t\t<div class=\"elementor-widget-container\">\n\t\t\t\t\t<h2 class=\"elementor-heading-title elementor-size-default\">JEDNODUCH\u00dd PROCES<\/h2>\t\t\t\t<\/div>\n\t\t\t\t<\/div>\n\t\t\t\t\t<\/div>\n\t\t<\/div>\n\t\t\t\t\t<\/div>\n\t\t<\/section>\n\t\t\t\t<section class=\"elementor-section elementor-top-section elementor-element elementor-element-a4591a0 elementor-section-boxed elementor-section-height-default elementor-section-height-default\" data-id=\"a4591a0\" data-element_type=\"section\" data-e-type=\"section\">\n\t\t\t\t\t\t<div class=\"elementor-container elementor-column-gap-default\">\n\t\t\t\t\t<div class=\"elementor-column elementor-col-100 elementor-top-column elementor-element elementor-element-2d0d58b\" data-id=\"2d0d58b\" data-element_type=\"column\" data-e-type=\"column\">\n\t\t\t<div class=\"elementor-widget-wrap elementor-element-populated\">\n\t\t\t\t\t\t<div class=\"elementor-element elementor-element-298130c elementor-widget elementor-widget-text-editor\" data-id=\"298130c\" data-element_type=\"widget\" data-e-type=\"widget\" data-widget_type=\"text-editor.default\">\n\t\t\t\t<div class=\"elementor-widget-container\">\n\t\t\t\t\t\t\t\t\t<p>Doba opr\u00e1vnenosti v\u00fddavkov za\u010d\u00edna po registr\u00e1cii:<\/p>\n<p><span style=\"color: var( --e-global-color-dea41e4 ); font-family: var( --e-global-typography-b2ce6af-font-family ), Sans-serif; font-size: var( --e-global-typography-b2ce6af-font-size ); letter-spacing: var( --e-global-typography-b2ce6af-letter-spacing ); word-spacing: var( --e-global-typography-b2ce6af-word-spacing );\">1) Zaregistrujte projekt.<\/span><\/p>\n<p>2) Po registr\u00e1cii projektu dostane producent osved\u010denie o registr\u00e1cii. Doba opr\u00e1vnenosti v\u00fddavkov (dva roky) za\u010d\u00edna po vydan\u00ed osved\u010denia. <\/p>\n<p>3) Filmov\u00fd projekt mus\u00ed sp\u013a\u0148a\u0165 krit\u00e9ri\u00e1 kult\u00farneho testu.<\/p>\n<p>4)&nbsp;<span style=\"color: var( --e-global-color-dea41e4 ); font-family: var( --e-global-typography-b2ce6af-font-family ), Sans-serif; font-size: var( --e-global-typography-b2ce6af-font-size ); letter-spacing: var( --e-global-typography-b2ce6af-letter-spacing ); word-spacing: var( --e-global-typography-b2ce6af-word-spacing );\">N\u00e1rok na vyplatenie dot\u00e1cie na opr\u00e1vnen\u00e9 v\u00fddavky vznik\u00e1 potom, \u010do \u017eiadate\u013e vyplatil v\u0161etky po\u017eadovan\u00e9 v\u00fddavky a doru\u010dil vy\u00fa\u010dtovanie projektu.<\/span><\/p>\t\t\t\t\t\t\t\t<\/div>\n\t\t\t\t<\/div>\n\t\t\t\t<div class=\"elementor-element elementor-element-c590d74 elementor-widget elementor-widget-text-editor\" data-id=\"c590d74\" data-element_type=\"widget\" data-e-type=\"widget\" data-widget_type=\"text-editor.default\">\n\t\t\t\t<div class=\"elementor-widget-container\">\n\t\t\t\t\t\t\t\t\t<p><b>BLI\u017d\u0160IE INFORM\u00c1CIE SA DOZVIETE V <span style=\"text-decoration: underline;\"><a href=\"https:\/\/kosicefilmregion.sk\/wp-content\/uploads\/2025\/06\/Prirucka-pre-ziadatela-2025.pdf\"><span style=\"color: #0000ff; text-decoration: underline;\">PR\u00cdRU\u010cKE PRE \u017dIADATE\u013dA<\/span><\/a>.<\/span><\/b><\/p>\n\t\t\t\t\t\t\t\t<\/div>\n\t\t\t\t<\/div>\n\t\t\t\t\t<\/div>\n\t\t<\/div>\n\t\t\t\t\t<\/div>\n\t\t<\/section>\n\t\t\t\t<section class=\"elementor-section elementor-top-section elementor-element elementor-element-901a374 elementor-section-boxed elementor-section-height-default elementor-section-height-default\" data-id=\"901a374\" data-element_type=\"section\" data-e-type=\"section\">\n\t\t\t\t\t\t<div class=\"elementor-container elementor-column-gap-default\">\n\t\t\t\t\t<div class=\"elementor-column elementor-col-100 elementor-top-column elementor-element elementor-element-53e0e7a\" data-id=\"53e0e7a\" data-element_type=\"column\" data-e-type=\"column\">\n\t\t\t<div class=\"elementor-widget-wrap elementor-element-populated\">\n\t\t\t\t\t\t<div class=\"elementor-element elementor-element-0810360 elementor-widget-divider--view-line elementor-widget elementor-widget-divider\" data-id=\"0810360\" data-element_type=\"widget\" data-e-type=\"widget\" data-widget_type=\"divider.default\">\n\t\t\t\t<div class=\"elementor-widget-container\">\n\t\t\t\t\t\t\t<div class=\"elementor-divider\">\n\t\t\t<span class=\"elementor-divider-separator\">\n\t\t\t\t\t\t<\/span>\n\t\t<\/div>\n\t\t\t\t\t\t<\/div>\n\t\t\t\t<\/div>\n\t\t\t\t<div class=\"elementor-element elementor-element-482c572 elementor-widget elementor-widget-heading\" data-id=\"482c572\" data-element_type=\"widget\" data-e-type=\"widget\" data-widget_type=\"heading.default\">\n\t\t\t\t<div class=\"elementor-widget-container\">\n\t\t\t\t\t<h2 class=\"elementor-heading-title elementor-size-large\">PRE Z\u00cdSKANIE SP\u00c4TNEJ DOT\u00c1CIE V ROKU 2026 JE POTREBN\u00c9 PROJEKT ZAREGISTROVA\u0164 DO 30.8.2025<\/h2>\t\t\t\t<\/div>\n\t\t\t\t<\/div>\n\t\t\t\t<div class=\"elementor-element elementor-element-15a2c2d elementor-widget-divider--view-line elementor-widget elementor-widget-divider\" data-id=\"15a2c2d\" data-element_type=\"widget\" data-e-type=\"widget\" data-widget_type=\"divider.default\">\n\t\t\t\t<div class=\"elementor-widget-container\">\n\t\t\t\t\t\t\t<div class=\"elementor-divider\">\n\t\t\t<span class=\"elementor-divider-separator\">\n\t\t\t\t\t\t<\/span>\n\t\t<\/div>\n\t\t\t\t\t\t<\/div>\n\t\t\t\t<\/div>\n\t\t\t\t\t<\/div>\n\t\t<\/div>\n\t\t\t\t\t<\/div>\n\t\t<\/section>\n\t\t\t\t<section class=\"elementor-section elementor-top-section elementor-element elementor-element-d69b699 elementor-section-boxed elementor-section-height-default elementor-section-height-default\" data-id=\"d69b699\" data-element_type=\"section\" data-e-type=\"section\">\n\t\t\t\t\t\t<div class=\"elementor-container elementor-column-gap-default\">\n\t\t\t\t\t<div class=\"elementor-column elementor-col-100 elementor-top-column elementor-element elementor-element-8b55ddd\" data-id=\"8b55ddd\" data-element_type=\"column\" data-e-type=\"column\">\n\t\t\t<div class=\"elementor-widget-wrap elementor-element-populated\">\n\t\t\t\t\t\t<div class=\"elementor-element elementor-element-4446ebd elementor-widget elementor-widget-heading\" data-id=\"4446ebd\" data-element_type=\"widget\" data-e-type=\"widget\" data-widget_type=\"heading.default\">\n\t\t\t\t<div class=\"elementor-widget-container\">\n\t\t\t\t\t<h4 class=\"elementor-heading-title elementor-size-default\">REGISTR\u00c1CIA PROJEKTU<\/h4>\t\t\t\t<\/div>\n\t\t\t\t<\/div>\n\t\t\t\t<div class=\"elementor-element elementor-element-cd52052 elementor-widget elementor-widget-text-editor\" data-id=\"cd52052\" data-element_type=\"widget\" data-e-type=\"widget\" data-widget_type=\"text-editor.default\">\n\t\t\t\t<div class=\"elementor-widget-container\">\n\t\t\t\t\t\t\t\t\t<p>Filmov\u00e1 kancel\u00e1ria registruje filmov\u00fd projekt na z\u00e1klade <span style=\"text-decoration: underline; color: #0000ff;\"><a style=\"color: #0000ff; text-decoration: underline;\" href=\"https:\/\/kosicefilmregion.sk\/wp-content\/uploads\/2025\/06\/Ziadost_o_registraciu_filmoveho_projektu_KSK2025.pdf\">\u017eiadosti<\/a><\/span> . Po vyplnen\u00ed \u017eiadosti o registr\u00e1ciu filmov\u00e9ho projektu, \u017eiadate\u013e o registr\u00e1ciu doru\u010d\u00ed elektronick\u00fa verziu \u017eiadosti o registr\u00e1ciu filmov\u00e9ho projektu emailom na adresu <strong>jan.melikant@vucke.sk<\/strong> a tla\u010den\u00fa a \u0161tatut\u00e1rnym org\u00e1nom \u017eiadate\u013ea podp\u00edsan\u00fa verziu \u017eiadosti o registr\u00e1ciu filmov\u00e9ho projektu Filmovej kancel\u00e1rii Ko\u0161ick\u00e9ho kraja na adresu: <\/p>\n<p>Filmov\u00e1 kancel\u00e1ria Ko\u0161ick\u00e9ho kraja<br \/>Ko\u0161ick\u00fd samospr\u00e1vny kraj<br \/>N\u00e1mestie Marat\u00f3nu mieru 1<br \/>04261 Ko\u0161ice<\/p>\n<p>Neoddelite\u013enou s\u00fa\u010das\u0165ou \u017eiadosti o registr\u00e1ciu filmov\u00e9ho je:<\/p>\n<ol>\n<li>vyplnene\u0301 tla\u010divo za \u00fa\u010delom vykonania kult\u00farneho testu,<\/li>\n<li>obsahov\u00fd z\u00e1mer filmov\u00e9ho projektu,<\/li>\n<li>investi\u010dn\u00fd z\u00e1mer filmov\u00e9ho projektu obsahuj\u00faci predpokladan\u00fa v\u00fd\u0161ku celkov\u00e9ho rozpo\u010dtu a predpokladan\u00fa v\u00fd\u0161ku opr\u00e1vnen\u00fdch v\u00fddavkov ( je s\u00fa\u010das\u0165ou formul\u00e1ra ),<\/li>\n<li><span style=\"color: var( --e-global-color-dea41e4 ); font-family: var( --e-global-typography-b2ce6af-font-family ), Sans-serif; font-size: var( --e-global-typography-b2ce6af-font-size ); letter-spacing: var( --e-global-typography-b2ce6af-letter-spacing ); word-spacing: var( --e-global-typography-b2ce6af-word-spacing );\">\u010dasov\u00fd pl\u00e1n realiz\u00e1cie filmov\u00e9ho projektu.<\/span><\/li>\n<\/ol>\n<div> <\/div>\n<div>Bli\u017esie inform\u00e1cie sa dozviete v <a href=\"https:\/\/kosicefilmregion.sk\/wp-content\/uploads\/2025\/06\/Prirucka-pre-ziadatela-2025.pdf\"><span style=\"text-decoration: underline;\"><span style=\"color: #0000ff; text-decoration: underline;\">pr\u00edru\u010dke pre \u017eiadate\u013ea<\/span><\/span><\/a>, pr\u00edpadne kontaktujte Filmov\u00fa kancel\u00e1riu Ko\u0161ick\u00e9ho kraja.<\/div>\n\t\t\t\t\t\t\t\t<\/div>\n\t\t\t\t<\/div>\n\t\t\t\t\t<\/div>\n\t\t<\/div>\n\t\t\t\t\t<\/div>\n\t\t<\/section>\n\t\t\t\t<\/div>\n\t\t","protected":false},"excerpt":{"rendered":"<p>OD 1.6.2025 ZVY\u0160UJE KO\u0160ICK\u00dd SAMOSPR\u00c1VNY KRAJ V\u00dd\u0160KU SP\u00c4TN\u00ddCH DOT\u00c1CI\u00cd NA 5% A 10% DOT\u00c1CIA NA OPR\u00c1VNEN\u00c9 V\u00ddDAVKY Sp\u00e4tn\u00e1 dot\u00e1cia vo v\u00fd\u0161ke 5% alebo 10% z opr\u00e1vnen\u00fdch v\u00fddavkov na filmov\u00fa alebo TV produkciu na \u00fazem\u00ed Ko\u0161ick\u00e9ho kraja. 5% &#8211; aspo\u0148 2 filmovacie dni na \u00fazem\u00ed Ko\u0161ick\u00e9ho kraja 10% &#8211; aspo\u0148 2 filmovacie dni na \u00fazem\u00ed Ko\u0161ick\u00e9ho [&hellip;]<\/p>\n","protected":false},"author":3,"featured_media":0,"parent":0,"menu_order":0,"comment_status":"closed","ping_status":"closed","template":"","meta":{"_acf_changed":false,"footnotes":""},"class_list":["post-3407","page","type-page","status-publish","hentry"],"acf":[],"_links":{"self":[{"href":"https:\/\/kosicefilmregion.sk\/sk\/wp-json\/wp\/v2\/pages\/3407","targetHints":{"allow":["GET"]}}],"collection":[{"href":"https:\/\/kosicefilmregion.sk\/sk\/wp-json\/wp\/v2\/pages"}],"about":[{"href":"https:\/\/kosicefilmregion.sk\/sk\/wp-json\/wp\/v2\/types\/page"}],"author":[{"embeddable":true,"href":"https:\/\/kosicefilmregion.sk\/sk\/wp-json\/wp\/v2\/users\/3"}],"replies":[{"embeddable":true,"href":"https:\/\/kosicefilmregion.sk\/sk\/wp-json\/wp\/v2\/comments?post=3407"}],"version-history":[{"count":3,"href":"https:\/\/kosicefilmregion.sk\/sk\/wp-json\/wp\/v2\/pages\/3407\/revisions"}],"predecessor-version":[{"id":3410,"href":"https:\/\/kosicefilmregion.sk\/sk\/wp-json\/wp\/v2\/pages\/3407\/revisions\/3410"}],"wp:attachment":[{"href":"https:\/\/kosicefilmregion.sk\/sk\/wp-json\/wp\/v2\/media?parent=3407"}],"curies":[{"name":"wp","href":"https:\/\/api.w.org\/{rel}","templated":true}]}}