{"id":2400,"date":"2023-12-01T12:34:59","date_gmt":"2023-12-01T10:34:59","guid":{"rendered":"https:\/\/kosicefilmregion.sk\/?page_id=2400"},"modified":"2023-12-22T14:26:32","modified_gmt":"2023-12-22T12:26:32","slug":"podpora","status":"publish","type":"page","link":"https:\/\/kosicefilmregion.sk\/sk\/podpora\/","title":{"rendered":"Podpora audiovizu\u00e1lneho priemyslu"},"content":{"rendered":"\t\t<div data-elementor-type=\"wp-page\" data-elementor-id=\"2400\" class=\"elementor elementor-2400\" data-elementor-settings=\"{&quot;element_pack_global_tooltip_width&quot;:{&quot;unit&quot;:&quot;px&quot;,&quot;size&quot;:&quot;&quot;,&quot;sizes&quot;:[]},&quot;element_pack_global_tooltip_width_tablet&quot;:{&quot;unit&quot;:&quot;px&quot;,&quot;size&quot;:&quot;&quot;,&quot;sizes&quot;:[]},&quot;element_pack_global_tooltip_width_mobile&quot;:{&quot;unit&quot;:&quot;px&quot;,&quot;size&quot;:&quot;&quot;,&quot;sizes&quot;:[]},&quot;element_pack_global_tooltip_padding&quot;:{&quot;unit&quot;:&quot;px&quot;,&quot;top&quot;:&quot;&quot;,&quot;right&quot;:&quot;&quot;,&quot;bottom&quot;:&quot;&quot;,&quot;left&quot;:&quot;&quot;,&quot;isLinked&quot;:true},&quot;element_pack_global_tooltip_padding_tablet&quot;:{&quot;unit&quot;:&quot;px&quot;,&quot;top&quot;:&quot;&quot;,&quot;right&quot;:&quot;&quot;,&quot;bottom&quot;:&quot;&quot;,&quot;left&quot;:&quot;&quot;,&quot;isLinked&quot;:true},&quot;element_pack_global_tooltip_padding_mobile&quot;:{&quot;unit&quot;:&quot;px&quot;,&quot;top&quot;:&quot;&quot;,&quot;right&quot;:&quot;&quot;,&quot;bottom&quot;:&quot;&quot;,&quot;left&quot;:&quot;&quot;,&quot;isLinked&quot;:true},&quot;element_pack_global_tooltip_border_radius&quot;:{&quot;unit&quot;:&quot;px&quot;,&quot;top&quot;:&quot;&quot;,&quot;right&quot;:&quot;&quot;,&quot;bottom&quot;:&quot;&quot;,&quot;left&quot;:&quot;&quot;,&quot;isLinked&quot;:true},&quot;element_pack_global_tooltip_border_radius_tablet&quot;:{&quot;unit&quot;:&quot;px&quot;,&quot;top&quot;:&quot;&quot;,&quot;right&quot;:&quot;&quot;,&quot;bottom&quot;:&quot;&quot;,&quot;left&quot;:&quot;&quot;,&quot;isLinked&quot;:true},&quot;element_pack_global_tooltip_border_radius_mobile&quot;:{&quot;unit&quot;:&quot;px&quot;,&quot;top&quot;:&quot;&quot;,&quot;right&quot;:&quot;&quot;,&quot;bottom&quot;:&quot;&quot;,&quot;left&quot;:&quot;&quot;,&quot;isLinked&quot;:true}}\" data-elementor-post-type=\"page\">\n\t\t\t\t\t\t<section class=\"elementor-section elementor-top-section elementor-element elementor-element-a3e5a73 elementor-section-boxed elementor-section-height-default elementor-section-height-default\" data-id=\"a3e5a73\" data-element_type=\"section\" data-e-type=\"section\">\n\t\t\t\t\t\t<div class=\"elementor-container elementor-column-gap-default\">\n\t\t\t\t\t<div class=\"elementor-column elementor-col-100 elementor-top-column elementor-element elementor-element-1eee3d8\" data-id=\"1eee3d8\" data-element_type=\"column\" data-e-type=\"column\">\n\t\t\t<div class=\"elementor-widget-wrap elementor-element-populated\">\n\t\t\t\t\t\t<div class=\"elementor-element elementor-element-b0a08a3 elementor-widget elementor-widget-heading\" data-id=\"b0a08a3\" data-element_type=\"widget\" data-e-type=\"widget\" data-widget_type=\"heading.default\">\n\t\t\t\t<div class=\"elementor-widget-container\">\n\t\t\t\t\t<h3 class=\"elementor-heading-title elementor-size-default\">Registr\u00e1cia na podporu audiovizu\u00e1lneho priemyslu od KSK otvoren\u00e1!<\/h3>\t\t\t\t<\/div>\n\t\t\t\t<\/div>\n\t\t\t\t\t<\/div>\n\t\t<\/div>\n\t\t\t\t\t<\/div>\n\t\t<\/section>\n\t\t\t\t<section class=\"elementor-section elementor-top-section elementor-element elementor-element-bd44507 elementor-section-boxed elementor-section-height-default elementor-section-height-default\" data-id=\"bd44507\" data-element_type=\"section\" data-e-type=\"section\">\n\t\t\t\t\t\t<div class=\"elementor-container elementor-column-gap-default\">\n\t\t\t\t\t<div class=\"elementor-column elementor-col-100 elementor-top-column elementor-element elementor-element-6ae725f\" data-id=\"6ae725f\" data-element_type=\"column\" data-e-type=\"column\">\n\t\t\t<div class=\"elementor-widget-wrap elementor-element-populated\">\n\t\t\t\t\t\t<div class=\"elementor-element elementor-element-165d3fb elementor-widget elementor-widget-text-editor\" data-id=\"165d3fb\" data-element_type=\"widget\" data-e-type=\"widget\" data-widget_type=\"text-editor.default\">\n\t\t\t\t<div class=\"elementor-widget-container\">\n\t\t\t\t\t\t\t\t\t<p>Ko\u0161ick\u00fd samospr\u00e1vny kraj (\u010falej len \u201eKSK\u201c) poskytuje finan\u010dn\u00e9 prostriedky na podporu audiovizu\u00e1lneho priemyslu v&nbsp;Ko\u0161ickom kraji na z\u00e1klade <span style=\"text-decoration: underline;\"><a href=\"https:\/\/web.vucke.sk\/sk\/uradna-tabula\/legislativa\/vzn\/vzn-c-5-2023.html\" target=\"_blank\" rel=\"noopener\">v\u0161eobecne z\u00e1v\u00e4zn\u00e9ho nariadenia Ko\u0161ick\u00e9ho samospr\u00e1vneho kraja o&nbsp;podpore audiovizu\u00e1lneho priemyslu<\/a> <\/span>z&nbsp;21. augusta 2023.<\/p>\n<p>Na realiz\u00e1ciu filmov\u00e9ho projektu, ktor\u00fd sa realizuje na \u00fazem\u00ed kraja poskytne KSK v roku 2024 finan\u010dn\u00e9\u0301 prostriedky formou sp\u00e4tnej dot\u00e1cie vo v\u00fd\u0161ke 2% alebo 7% opr\u00e1vnen\u00fdch v\u00fddavkov \u2013 teda v\u00fddavkov od dod\u00e1vate\u013eov slu\u017eieb, autorov a&nbsp;umelcov z&nbsp;Ko\u0161ick\u00e9ho kraja . Sp\u00e4tn\u00fa dot\u00e1ciu vo v\u00fd\u0161ke 7% m\u00f4\u017eu z\u00edska\u0165 filmov\u00e9 projekty, ktor\u00fdch dej sa preuk\u00e1zate\u013ene odohr\u00e1va na \u00fazem\u00ed Ko\u0161ick\u00e9ho kraja.<\/p>\n<p>\u017diada\u0165 o&nbsp;sp\u00e4tn\u00fa dot\u00e1ciu v&nbsp;roku 2024 m\u00f4\u017eu \u017eiadatelia, ktor\u00ed svoj projekt <b>zaregistruj\u00fa<\/b>.<\/p>\n<p>Filmov\u00e1 kancel\u00e1ria registruje filmov\u00fd\u0301 projekt na z\u00e1klade \u017eiadosti o registr\u00e1ciu filmov\u00e9ho projektu.<\/p>\n<p>Pre viac inform\u00e1ci\u00ed kontaktujte projektov\u00e9ho mana\u017e\u00e9ra Filmovej kancel\u00e1rie Ko\u0161ick\u00e9ho kraja:<br>Jan Melikant<br><span style=\"text-decoration: underline;\"><a href=\"mailto:jan.melikant@vucke.sk\">jan.melikant@vucke.sk<\/a><\/span><br>+421&nbsp;905&nbsp;881 359<\/p>\t\t\t\t\t\t\t\t<\/div>\n\t\t\t\t<\/div>\n\t\t\t\t\t<\/div>\n\t\t<\/div>\n\t\t\t\t\t<\/div>\n\t\t<\/section>\n\t\t\t\t<\/div>\n\t\t","protected":false},"excerpt":{"rendered":"<p>Registr\u00e1cia na podporu audiovizu\u00e1lneho priemyslu od KSK otvoren\u00e1! Ko\u0161ick\u00fd samospr\u00e1vny kraj (\u010falej len \u201eKSK\u201c) poskytuje finan\u010dn\u00e9 prostriedky na podporu audiovizu\u00e1lneho priemyslu v&nbsp;Ko\u0161ickom kraji na z\u00e1klade v\u0161eobecne z\u00e1v\u00e4zn\u00e9ho nariadenia Ko\u0161ick\u00e9ho samospr\u00e1vneho kraja o&nbsp;podpore audiovizu\u00e1lneho priemyslu z&nbsp;21. augusta 2023. Na realiz\u00e1ciu filmov\u00e9ho projektu, ktor\u00fd sa realizuje na \u00fazem\u00ed kraja poskytne KSK v roku 2024 finan\u010dn\u00e9\u0301 prostriedky formou [&hellip;]<\/p>\n","protected":false},"author":3,"featured_media":0,"parent":0,"menu_order":0,"comment_status":"closed","ping_status":"closed","template":"","meta":{"_acf_changed":false,"footnotes":""},"class_list":["post-2400","page","type-page","status-publish","hentry"],"acf":[],"_links":{"self":[{"href":"https:\/\/kosicefilmregion.sk\/sk\/wp-json\/wp\/v2\/pages\/2400","targetHints":{"allow":["GET"]}}],"collection":[{"href":"https:\/\/kosicefilmregion.sk\/sk\/wp-json\/wp\/v2\/pages"}],"about":[{"href":"https:\/\/kosicefilmregion.sk\/sk\/wp-json\/wp\/v2\/types\/page"}],"author":[{"embeddable":true,"href":"https:\/\/kosicefilmregion.sk\/sk\/wp-json\/wp\/v2\/users\/3"}],"replies":[{"embeddable":true,"href":"https:\/\/kosicefilmregion.sk\/sk\/wp-json\/wp\/v2\/comments?post=2400"}],"version-history":[{"count":19,"href":"https:\/\/kosicefilmregion.sk\/sk\/wp-json\/wp\/v2\/pages\/2400\/revisions"}],"predecessor-version":[{"id":2430,"href":"https:\/\/kosicefilmregion.sk\/sk\/wp-json\/wp\/v2\/pages\/2400\/revisions\/2430"}],"wp:attachment":[{"href":"https:\/\/kosicefilmregion.sk\/sk\/wp-json\/wp\/v2\/media?parent=2400"}],"curies":[{"name":"wp","href":"https:\/\/api.w.org\/{rel}","templated":true}]}}